{"id":142,"date":"2023-07-16T13:56:43","date_gmt":"2023-07-16T13:56:43","guid":{"rendered":"https:\/\/chopcrypto.io\/termos-de-uso\/"},"modified":"2025-01-07T15:07:50","modified_gmt":"2025-01-07T15:07:50","slug":"termos-de-uso","status":"publish","type":"page","link":"https:\/\/chopcrypto.io\/pt-br\/termos-de-uso\/","title":{"rendered":"Termos de Uso"},"content":{"rendered":"<p>Estes Termos de Uso (doravante, os &#8216;termos&#8217;) descrevem os Termos e condi\u00e7\u00f5es que voc\u00ea (&#8216;usu\u00e1rio&#8217;, &#8216;voc\u00ea&#8217;) deve seguir para poder usar www.chop.crypto (&#8216;site&#8217;,&#8217;Chop&#8217;,&#8217;n\u00f3s&#8217;,&#8217; nos &#8216;e&#8217; nosso&#8217;) e seus aplicativos e servi\u00e7os relacionados (&#8216;Servi\u00e7os&#8217;).<\/p>\n<h2>1. Execu\u00e7\u00e3o E Altera\u00e7\u00f5es<\/h2>\n<p>1.1. Estes Termos de uso estabelecem o acordo juridicamente vinculativo para o uso do site em www.chop.crypto e todos os servi\u00e7os prestados pela Chop no site.<\/p>\n<p>1.2. Ao visitar o site e\/ou usar os servi\u00e7os, voc\u00ea concorda em ficar vinculado aos Termos, incluindo os Termos e Condi\u00e7\u00f5es e pol\u00edticas adicionais aqui mencionados e \/ ou dispon\u00edveis por hiperlink.<\/p>\n<p>1.3. A Chop se reserva o direito de alterar alguns ou todos os Termos e Condi\u00e7\u00f5es do servi\u00e7o a qualquer momento. Voc\u00ea continua a usar o site, o que significa que leu e aceitou os Termos revisados e atualizados. Caso o Usu\u00e1rio n\u00e3o concorde com qualquer altera\u00e7\u00e3o ou atualiza\u00e7\u00e3o dos Termos, Condi\u00e7\u00f5es e pol\u00edticas, dever\u00e1 cessar o uso do site.<\/p>\n<h2>2. Servi\u00e7os Prestados<\/h2>\n<p>2.1. O Chop \u00e9 uma camada agregadora e intermedi\u00e1ria entre o Usu\u00e1rio e as diversas exchanges e plataformas de criptoativos (doravante, as &#8220;Cripto Exchanges&#8221;).<\/p>\n<p>2.2. O servi\u00e7o prestado pela Chop permite que todos os usu\u00e1rios do site troquem criptoativos diretamente com outros criptoativos de v\u00e1rias Exchanges Cripto.<\/p>\n<p>2.3. O interc\u00e2mbio via nossos servi\u00e7os consiste nas seguintes etapas:<\/p>\n<p style=\"padding-left: 40px;\">2.3.1. O usu\u00e1rio dever\u00e1 fornecer ao Chop o endere\u00e7o da carteira de pagamento. Tal endere\u00e7o ser\u00e1 depositado por criptoativos trocados.<\/p>\n<p style=\"padding-left: 40px;\">2.3.2. O Usu\u00e1rio deve enviar a quantidade espec\u00edfica de ativos criptogr\u00e1ficos para o endere\u00e7o correto, que \u00e9 gerado pelo sistema de troca Cripto automaticamente.<\/p>\n<p style=\"padding-left: 40px;\">2.3.3. Os criptoativos trocados referidos na cl\u00e1usula 2.3.1 ser\u00e3o depositados pelos criptoativos trocados automaticamente. O dep\u00f3sito de criptoativos trocados no endere\u00e7o da carteira de pagamento depende do algoritmo de troca de terceiros. A Chop n\u00e3o \u00e9 respons\u00e1vel por quaisquer perdas ou danos de qualquer tipo incorridos como resultado de quaisquer atrasos devido ao algoritmo de terceiros.<\/p>\n<p>2.4. VOC\u00ca ISENTA A CHOP CONTRA QUAISQUER DANOS DIRETOS, INDIRETOS, CONSEQUENCIAIS OU ESPECIAIS, OU QUAISQUER OUTROS DANOS DE QUALQUER TIPO, INCLUINDO, MAS N\u00c3O LIMITADO A, PERDA DE USO, PERDA DE LUCROS OU PERDA DE DADOS, SEJA EM UMA A\u00c7\u00c3O EM CONTRATO, ATO IL\u00cdCITO (INCLUINDO, MAS N\u00c3O LIMITADO A NEGLIG\u00caNCIA) OU DE OUTRA FORMA, DECORRENTES OU DE ALGUMA FORMA RELACIONADOS AO SEU USO DE NOSSOS SERVI\u00c7OS, INCLUINDO, MAS N\u00c3O LIMITADO \u00c0QUELES DECORRENTES DE SEU ERRO PESSOAL E MAU COMPORTAMENTO, COMO USO INCORRETO DE ENDERE\u00c7OS DE ATIVOS CRIPTOGR\u00c1FICOS, TRANSA\u00c7\u00d5ES CONSTRU\u00cdDAS INCORRETAMENTE ETC.<\/p>\n<h2>3. Elegibilidade<\/h2>\n<p>3.1. Para acessar e usar o site voc\u00ea representa, garante, convence e concorda que:<\/p>\n<p style=\"padding-left: 40px;\">3.1.1. seu acesso e uso dos Servi\u00e7os constitui sua concord\u00e2ncia em ficar vinculado a estes Termos;<\/p>\n<p style=\"padding-left: 40px;\">3.1.2. voc\u00ea \u00e9 uma pessoa jur\u00eddica ou um empres\u00e1rio individual de dezoito (18) anos de idade ou de outra idade legal, de acordo com sua jurisdi\u00e7\u00e3o relevante;<\/p>\n<p style=\"padding-left: 40px;\">3.1.3. voc\u00ea usa nossos servi\u00e7os por sua \u00fanica op\u00e7\u00e3o, discri\u00e7\u00e3o e risco;<\/p>\n<p style=\"padding-left: 40px;\">3.1.4. voc\u00ea \u00e9 o \u00fanico respons\u00e1vel por quaisquer impostos aplic\u00e1veis que possam ser pagos durante o uso de nossos servi\u00e7os;<\/p>\n<p style=\"padding-left: 40px;\">3.1.5. voc\u00ea garante que seus criptoativos pertencem a voc\u00ea e n\u00e3o s\u00e3o vendidos, onerados, n\u00e3o est\u00e3o em disputa ou sob apreens\u00e3o, e que n\u00e3o existem quaisquer direitos de terceiros sobre seus criptoativos;<\/p>\n<p style=\"padding-left: 40px;\">3.1.6. voc\u00ea deve fornecer informa\u00e7\u00f5es corretas para a constru\u00e7\u00e3o de troca (por exemplo, payin e payout wallet endere\u00e7os). Tais endere\u00e7os de carteira n\u00e3o devem ser associados a terrorismo, fraude, embuste ou qualquer tipo de atividade ilegal.<\/p>\n<p style=\"padding-left: 40px;\">3.1.7. voc\u00ea n\u00e3o est\u00e1 em, sob o controle de, ou um nacional ou residente de Cuba, Ir\u00e3, Coreia do Norte, Crimeia, Sud\u00e3o, S\u00edria, Bangladesh e Bol\u00edvia, bem como qualquer outro pa\u00eds sujeito \u00e0 lista de san\u00e7\u00f5es do Conselho de seguran\u00e7a das Na\u00e7\u00f5es Unidas e seu equivalente (&#8220;locais restritos&#8221;). Chop.com mant\u00e9m o direito de selecionar os mercados e jurisdi\u00e7\u00f5es para operar e pode restringir ou negar seus servi\u00e7os a determinados pa\u00edses a qualquer momento;<\/p>\n<p>3.2. O servi\u00e7o n\u00e3o est\u00e1 dispon\u00edvel no Estado de Nova York, no Estado de Washington ou em qualquer jurisdi\u00e7\u00e3o sancionada pelo Office of Foreign Assets Control (&#8220;OFAC&#8221;) do Tesouro dos Estados Unidos.<\/p>\n<p>3.3. Voc\u00ea ainda declara, concorda e garante que n\u00e3o violar\u00e1 nenhuma lei, Contrato, direito de terceiros ou cometer\u00e1 um ato il\u00edcito ao acessar ou usar os Servi\u00e7os, e que voc\u00ea \u00e9 o \u00fanico respons\u00e1vel por suas a\u00e7\u00f5es e\/ou omiss\u00f5es ao usar nossos servi\u00e7os. Sem preju\u00edzo do acima exposto, voc\u00ea declara, concorda e garante, que n\u00e3o:<\/p>\n<p style=\"padding-left: 40px;\">3.3.1. usar nossos servi\u00e7os ou cessar\u00e1 imediatamente de us\u00e1-los se alguma lei aplic\u00e1vel em seu pa\u00eds proibir ou proibir voc\u00ea a qualquer momento de faz\u00ea-lo;<\/p>\n<p style=\"padding-left: 40px;\">3.3.2. usar nossos servi\u00e7os para participar de atividades fraudulentas, fraudulentas ou qualquer tipo de atividade ilegal;<\/p>\n<p style=\"padding-left: 40px;\">3.3.3. fornecer informa\u00e7\u00f5es falsas, imprecisas ou enganosas;<\/p>\n<p style=\"padding-left: 40px;\">3.3.4. tentar modificar, descompilar, fazer engenharia reversa ou desmontar nosso software de qualquer forma;<\/p>\n<p style=\"padding-left: 40px;\">3.3.5. usar qualquer rob\u00f4, spider, crawler, scraper ou outro meio automatizado ou interface n\u00e3o fornecido por n\u00f3s para acessar os Servi\u00e7os ou extrair dados;<\/p>\n<p style=\"padding-left: 40px;\">3.3.6. tentar contornar quaisquer t\u00e9cnicas de Filtragem de conte\u00fado que empregamos, ou tentar acessar qualquer servi\u00e7o ou \u00e1rea de nossos servi\u00e7os que voc\u00ea n\u00e3o est\u00e1 autorizado a acessar;<\/p>\n<p style=\"padding-left: 40px;\">3.3.7. desenvolver quaisquer aplicativos de terceiros que interajam com nossos servi\u00e7os sem nosso consentimento pr\u00e9vio por escrito; e<\/p>\n<p style=\"padding-left: 40px;\">3.3.8. Incentivar ou induzir qualquer terceiro a se envolver em qualquer uma das atividades proibidas nesta se\u00e7\u00e3o.<\/p>\n<p>3.4. VOC\u00ca E ISENTA-NOS CONTRA QUAISQUER REIVINDICA\u00c7\u00d5ES, DEMANDAS E DANOS, SEJAM DIRETOS, INDIRETOS, CONSEQUENCIAIS OU ESPECIAIS, OU QUAISQUER OUTROS DANOS DE QUALQUER TIPO, INCLUINDO, MAS N\u00c3O LIMITADO A, PERDA DE USO, PERDA DE LUCROS OU PERDA DE DADOS OU PERDA DE ATIVOS, SEJA EM UMA A\u00c7\u00c3O EM CONTRATO, ATO IL\u00cdCITO (INCLUINDO, MAS N\u00c3O LIMITADO A NEGLIG\u00caNCIA) OU DE OUTRA FORMA, ORIGINADOS DE OU DE QUALQUER FORMA RELACIONADOS COM A INVALIDADE OU VIOLA\u00c7\u00c3O DE QUALQUER DAS DISPOSI\u00c7\u00d5ES DESTA SE\u00c7\u00c3O E OS TERMOS INTEIROS.<\/p>\n<h2>4. Servi\u00e7os De Terceiros<\/h2>\n<p>4.1. Chop.com n\u00e3o est\u00e1 diretamente envolvido na troca entre o Usu\u00e1rio e v\u00e1rias trocas de criptografia. Como resultado, a Chop n\u00e3o tem controle sobre a qualidade dos servi\u00e7os de terceiros, voc\u00ea reconhece e concorda que n\u00e3o somos respons\u00e1veis pela disponibilidade de tais servi\u00e7os de terceiros e n\u00e3o somos respons\u00e1veis por quaisquer servi\u00e7os de terceiros.<\/p>\n<p>4.2. Como usamos servi\u00e7os de terceiros, voc\u00ea pode ser cobrado taxas pelo Provedor de servi\u00e7os terceirizado. A Chop n\u00e3o se responsabiliza por quaisquer taxas de servi\u00e7os de terceiros. Voc\u00ea \u00e9 o \u00fanico respons\u00e1vel pelo uso do servi\u00e7o de terceiros e concorda em cumprir todos os Termos e Condi\u00e7\u00f5es aplic\u00e1veis a qualquer servi\u00e7o de terceiros.<\/p>\n<p>4.3. Ao usar nossos servi\u00e7os, voc\u00ea pode visualizar material de terceiros. N\u00f3s n\u00e3o controlamos, endossamos ou adotamos (a menos que expressamente declarado por n\u00f3s) qualquer material de terceiros e n\u00e3o teremos nenhuma responsabilidade por material de terceiros, incluindo, sem limita\u00e7\u00e3o, material que possa ser enganoso, incompleto, err\u00f4neo, ofensivo, indecente ou censur\u00e1vel.<\/p>\n<h2>5. Propriedade Intelectual<\/h2>\n<p>5.1. Entre voc\u00ea e a Chop, voc\u00ea reconhece que a Chop ret\u00e9m todos os direitos, t\u00edtulos e interesses em e para todos os direitos autorais, marcas registradas, patentes, marcas de Servi\u00e7o, nomes comerciais, c\u00f3digo de software, \u00edcones, logotipos, caracteres, layouts, segredos comerciais, bot\u00f5es, esquema de cores e gr\u00e1ficos, o software e as interfaces de programa\u00e7\u00e3o de aplicativos (APIs) que comp\u00f5em os Servi\u00e7os e todo o conte\u00fado (&#8220;IP&#8221;).<\/p>\n<p>5.2. A Chop, seus logotipos, \u00edcones, esquema de cores e gr\u00e1ficos, bem como algumas outras marcas registradas da Chop, s\u00e3o protegidos por leis e tratados de propriedade intelectual locais e internacionais.<\/p>\n<p>5.3. Concedemos a voc\u00ea uma licen\u00e7a limitada, n\u00e3o exclusiva e n\u00e3o sublicenci\u00e1vel para acessar ou usar nosso IP apenas para seu uso pessoal.<\/p>\n<p>5.4. Em qualquer caso, quaisquer materiais, incluindo texto, gr\u00e1ficos, v\u00eddeo, \u00e1udio, c\u00f3digo de software, design de interface de usu\u00e1rio ou logotipos, no todo ou em parte, n\u00e3o podem ser reproduzidos, duplicados, copiados, modificados ou de outra forma explorados para qualquer finalidade comercial.<\/p>\n<p>5.5. A licen\u00e7a concedida sob esta se\u00e7\u00e3o ser\u00e1 automaticamente rescindida se suspendermos ou encerrarmos seu acesso aos Servi\u00e7os.<\/p>\n<h2>6. Limita\u00e7\u00e3o de responsabilidades<\/h2>\n<p>6.1. Exceto quando expressamente disposto em contr\u00e1rio por escrito por n\u00f3s, Nossos Servi\u00e7os s\u00e3o fornecidos &#8216;como est\u00e3o&#8217; e &#8216;conforme dispon\u00edveis&#8217;. RENUNCIAMOS EXPRESSAMENTE, E VOC\u00ca RENUNCIA, A TODAS AS GARANTIAS DE QUALQUER TIPO, EXPRESSAS OU IMPL\u00cdCITAS, INCLUINDO, SEM LIMITA\u00c7\u00c3O, GARANTIAS IMPL\u00cdCITAS DE COMERCIALIZA\u00c7\u00c3O, ADEQUA\u00c7\u00c3O A UMA FINALIDADE ESPEC\u00cdFICA, T\u00cdTULO E N\u00c3O VIOLA\u00c7\u00c3O QUANTO AOS NOSSOS SERVI\u00c7OS, INCLUINDO AS INFORMA\u00c7\u00d5ES, CONTE\u00daDO E MATERIAIS NELE CONTIDOS.<\/p>\n<p>6.2. Salvo disposi\u00e7\u00e3o em contr\u00e1rio exigida por lei, em nenhum caso a CHOP, nossos diretores, executivos, membros, funcion\u00e1rios ou agentes ser\u00e3o respons\u00e1veis por quaisquer danos diretos, indiretos, consequenciais ou especiais, ou quaisquer outros danos de qualquer tipo, incluindo, mas n\u00e3o limitado a, perda de uso, perda de lucros ou perda de dados, seja em uma a\u00e7\u00e3o em contrato, ato il\u00edcito (incluindo, mas n\u00e3o limitado a neglig\u00eancia) ou de outra forma, decorrentes ou de qualquer forma relacionados com o uso ou incapacidade de usar nossos servi\u00e7os, INCLUINDO, SEM LIMITA\u00c7\u00c3O, QUAISQUER DANOS CAUSADOS POR OU RESULTANTES DA CONFIAN\u00c7A DE QUALQUER USU\u00c1RIO EM QUALQUER INFORMA\u00c7\u00c3O OBTIDA DA BROKERS CRYPTO, OU QUE RESULTEM DE ERROS, OMISS\u00d5ES, INTERRUP\u00c7\u00d5ES, EXCLUS\u00c3O DE ARQUIVOS OU E-MAIL, ERROS, DEFEITOS, V\u00cdRUS, ATRASOS NA OPERA\u00c7\u00c3O OU TRANSMISS\u00c3O OU QUALQUER FALHA DE DESEMPENHO, RESULTANTE OU N\u00c3O DE UM EVENTO DE FOR\u00c7A MAIOR, FALHA DE COMUNICA\u00c7\u00c3O, ROUBO, DESTRUI\u00c7\u00c3O OU ACESSO N\u00c3O AUTORIZADO AOS REGISTROS, PROGRAMAS OU SERVI\u00c7OS DA BROKERS CRYPTO.<\/p>\n<p>6.3. Na extens\u00e3o m\u00e1xima permitida pela lei aplic\u00e1vel, em nenhum caso a responsabilidade agregada da CHOP (incluindo nossos diretores, executivos, membros, funcion\u00e1rios e agentes), seja em contrato, garantia, ato il\u00edcito (incluindo neglig\u00eancia, seja ativa, passiva ou imputada), responsabilidade pelo produto, Responsabilidade Objetiva ou outra teoria, decorrente ou relacionada ao uso ou incapacidade de uso, da CHOP ou a estes Termos exceder\u00e1 as taxas pagas por voc\u00ea \u00e0 CHOP dentro de 3 meses imediatamente anteriores \u00e0 data de qualquer reclama\u00e7\u00e3o que d\u00ea origem a tal responsabilidade.<\/p>\n<h2>7. Rescis\u00e3o dos Termos<\/h2>\n<p>7.1. Voc\u00ea concorda que a Chop pode, sem aviso pr\u00e9vio, encerrar imediatamente, limitar seu acesso ou suspender seu acesso aos Servi\u00e7os. Causa para tal rescis\u00e3o, limita\u00e7\u00e3o de acesso ou suspens\u00e3o deve incluir, mas n\u00e3o limitado a:<\/p>\n<p style=\"padding-left: 40px;\">7.1.1. viola\u00e7\u00f5es ou viola\u00e7\u00f5es dos Termos ou outras diretrizes incorporadas<\/p>\n<p style=\"padding-left: 40px;\">7.1.2. solicita\u00e7\u00f5es de autoridades policiais ou outras ag\u00eancias governamentais<\/p>\n<p style=\"padding-left: 40px;\">7.1.3. descontinua\u00e7\u00e3o ou modifica\u00e7\u00e3o material dos Servi\u00e7os (ou de qualquer parte dos mesmos)<\/p>\n<p style=\"padding-left: 40px;\">7.1.4. quest\u00f5es ou problemas t\u00e9cnicos ou de seguran\u00e7a inesperados<\/p>\n<p style=\"padding-left: 40px;\">7.1.5. longos per\u00edodos de inatividade<\/p>\n<p style=\"padding-left: 40px;\">7.1.6. envolvimento de sua parte em atividades fraudulentas ou ilegais.<\/p>\n<p>7.2. Al\u00e9m disso, voc\u00ea concorda que todas as rescis\u00f5es, limita\u00e7\u00f5es de acesso e suspens\u00f5es por justa causa ser\u00e3o feitas a crit\u00e9rio exclusivo da Chop e que a Chop n\u00e3o ser\u00e1 respons\u00e1vel perante voc\u00ea ou qualquer terceiro por qualquer rescis\u00e3o de acesso aos Servi\u00e7os.<\/p>\n","protected":false},"excerpt":{"rendered":"<p>Estes Termos de Uso (doravante, os &#8216;termos&#8217;) descrevem os Termos e condi\u00e7\u00f5es que voc\u00ea (&#8216;usu\u00e1rio&#8217;, &#8216;voc\u00ea&#8217;) deve seguir para poder usar www.chop.crypto (&#8216;site&#8217;,&#8217;Chop&#8217;,&#8217;n\u00f3s&#8217;,&#8217; nos &#8216;e&#8217; nosso&#8217;) e seus aplicativos e servi\u00e7os relacionados (&#8216;Servi\u00e7os&#8217;). 1. Execu\u00e7\u00e3o E Altera\u00e7\u00f5es 1.1. Estes Termos de uso estabelecem o acordo juridicamente vinculativo para o uso do site em www.chop.crypto e [&hellip;]<\/p>\n","protected":false},"author":1,"featured_media":0,"parent":0,"menu_order":0,"comment_status":"closed","ping_status":"closed","template":"","meta":{"inline_featured_image":false,"footnotes":""},"class_list":["post-142","page","type-page","status-publish","hentry"],"yoast_head":"<!-- This site is optimized with the Yoast SEO plugin v20.11 - https:\/\/yoast.com\/wordpress\/plugins\/seo\/ -->\n<title>Termos de Uso - Chop<\/title>\n<meta name=\"robots\" content=\"index, follow, max-snippet:-1, max-image-preview:large, max-video-preview:-1\" \/>\n<link rel=\"canonical\" href=\"https:\/\/chopcrypto.io\/pt-br\/termos-de-uso\/\" \/>\n<meta property=\"og:locale\" content=\"pt_BR\" \/>\n<meta property=\"og:type\" content=\"article\" \/>\n<meta property=\"og:title\" content=\"Termos de Uso - Chop\" \/>\n<meta property=\"og:description\" content=\"Estes Termos de Uso (doravante, os &#8216;termos&#8217;) descrevem os Termos e condi\u00e7\u00f5es que voc\u00ea (&#8216;usu\u00e1rio&#8217;, &#8216;voc\u00ea&#8217;) deve seguir para poder usar www.chop.crypto (&#8216;site&#8217;,&#8217;Chop&#8217;,&#8217;n\u00f3s&#8217;,&#8217; nos &#8216;e&#8217; nosso&#8217;) e seus aplicativos e servi\u00e7os relacionados (&#8216;Servi\u00e7os&#8217;). 1. Execu\u00e7\u00e3o E Altera\u00e7\u00f5es 1.1. Estes Termos de uso estabelecem o acordo juridicamente vinculativo para o uso do site em www.chop.crypto e [&hellip;]\" \/>\n<meta property=\"og:url\" content=\"https:\/\/chopcrypto.io\/pt-br\/termos-de-uso\/\" \/>\n<meta property=\"og:site_name\" content=\"Chop\" \/>\n<meta property=\"article:modified_time\" content=\"2025-01-07T15:07:50+00:00\" \/>\n<meta name=\"twitter:card\" content=\"summary_large_image\" \/>\n<meta name=\"twitter:label1\" content=\"Est. tempo de leitura\" \/>\n\t<meta name=\"twitter:data1\" content=\"8 minutos\" \/>\n<script type=\"application\/ld+json\" class=\"yoast-schema-graph\">{\"@context\":\"https:\/\/schema.org\",\"@graph\":[{\"@type\":\"WebPage\",\"@id\":\"https:\/\/chopcrypto.io\/pt-br\/termos-de-uso\/\",\"url\":\"https:\/\/chopcrypto.io\/pt-br\/termos-de-uso\/\",\"name\":\"Termos de Uso - Chop\",\"isPartOf\":{\"@id\":\"https:\/\/chopcrypto.io\/pt-br\/#website\"},\"datePublished\":\"2023-07-16T13:56:43+00:00\",\"dateModified\":\"2025-01-07T15:07:50+00:00\",\"breadcrumb\":{\"@id\":\"https:\/\/chopcrypto.io\/pt-br\/termos-de-uso\/#breadcrumb\"},\"inLanguage\":\"pt-BR\",\"potentialAction\":[{\"@type\":\"ReadAction\",\"target\":[\"https:\/\/chopcrypto.io\/pt-br\/termos-de-uso\/\"]}]},{\"@type\":\"BreadcrumbList\",\"@id\":\"https:\/\/chopcrypto.io\/pt-br\/termos-de-uso\/#breadcrumb\",\"itemListElement\":[{\"@type\":\"ListItem\",\"position\":1,\"name\":\"Home\",\"item\":\"https:\/\/chopcrypto.io\/pt-br\/\"},{\"@type\":\"ListItem\",\"position\":2,\"name\":\"Termos de Uso\"}]},{\"@type\":\"WebSite\",\"@id\":\"https:\/\/chopcrypto.io\/pt-br\/#website\",\"url\":\"https:\/\/chopcrypto.io\/pt-br\/\",\"name\":\"Chop\",\"description\":\"\",\"publisher\":{\"@id\":\"https:\/\/chopcrypto.io\/pt-br\/#organization\"},\"potentialAction\":[{\"@type\":\"SearchAction\",\"target\":{\"@type\":\"EntryPoint\",\"urlTemplate\":\"https:\/\/chopcrypto.io\/pt-br\/?s={search_term_string}\"},\"query-input\":\"required name=search_term_string\"}],\"inLanguage\":\"pt-BR\"},{\"@type\":\"Organization\",\"@id\":\"https:\/\/chopcrypto.io\/pt-br\/#organization\",\"name\":\"Chop\",\"url\":\"https:\/\/chopcrypto.io\/pt-br\/\",\"logo\":{\"@type\":\"ImageObject\",\"inLanguage\":\"pt-BR\",\"@id\":\"https:\/\/chopcrypto.io\/pt-br\/#\/schema\/logo\/image\/\",\"url\":\"https:\/\/chopcrypto.io\/wp-content\/uploads\/2023\/07\/logo.svg\",\"contentUrl\":\"https:\/\/chopcrypto.io\/wp-content\/uploads\/2023\/07\/logo.svg\",\"width\":105,\"height\":37,\"caption\":\"Chop\"},\"image\":{\"@id\":\"https:\/\/chopcrypto.io\/pt-br\/#\/schema\/logo\/image\/\"}}]}<\/script>\n<!-- \/ Yoast SEO plugin. -->","yoast_head_json":{"title":"Termos de Uso - Chop","robots":{"index":"index","follow":"follow","max-snippet":"max-snippet:-1","max-image-preview":"max-image-preview:large","max-video-preview":"max-video-preview:-1"},"canonical":"https:\/\/chopcrypto.io\/pt-br\/termos-de-uso\/","og_locale":"pt_BR","og_type":"article","og_title":"Termos de Uso - Chop","og_description":"Estes Termos de Uso (doravante, os &#8216;termos&#8217;) descrevem os Termos e condi\u00e7\u00f5es que voc\u00ea (&#8216;usu\u00e1rio&#8217;, &#8216;voc\u00ea&#8217;) deve seguir para poder usar www.chop.crypto (&#8216;site&#8217;,&#8217;Chop&#8217;,&#8217;n\u00f3s&#8217;,&#8217; nos &#8216;e&#8217; nosso&#8217;) e seus aplicativos e servi\u00e7os relacionados (&#8216;Servi\u00e7os&#8217;). 1. Execu\u00e7\u00e3o E Altera\u00e7\u00f5es 1.1. Estes Termos de uso estabelecem o acordo juridicamente vinculativo para o uso do site em www.chop.crypto e [&hellip;]","og_url":"https:\/\/chopcrypto.io\/pt-br\/termos-de-uso\/","og_site_name":"Chop","article_modified_time":"2025-01-07T15:07:50+00:00","twitter_card":"summary_large_image","twitter_misc":{"Est. tempo de leitura":"8 minutos"},"schema":{"@context":"https:\/\/schema.org","@graph":[{"@type":"WebPage","@id":"https:\/\/chopcrypto.io\/pt-br\/termos-de-uso\/","url":"https:\/\/chopcrypto.io\/pt-br\/termos-de-uso\/","name":"Termos de Uso - Chop","isPartOf":{"@id":"https:\/\/chopcrypto.io\/pt-br\/#website"},"datePublished":"2023-07-16T13:56:43+00:00","dateModified":"2025-01-07T15:07:50+00:00","breadcrumb":{"@id":"https:\/\/chopcrypto.io\/pt-br\/termos-de-uso\/#breadcrumb"},"inLanguage":"pt-BR","potentialAction":[{"@type":"ReadAction","target":["https:\/\/chopcrypto.io\/pt-br\/termos-de-uso\/"]}]},{"@type":"BreadcrumbList","@id":"https:\/\/chopcrypto.io\/pt-br\/termos-de-uso\/#breadcrumb","itemListElement":[{"@type":"ListItem","position":1,"name":"Home","item":"https:\/\/chopcrypto.io\/pt-br\/"},{"@type":"ListItem","position":2,"name":"Termos de Uso"}]},{"@type":"WebSite","@id":"https:\/\/chopcrypto.io\/pt-br\/#website","url":"https:\/\/chopcrypto.io\/pt-br\/","name":"Chop","description":"","publisher":{"@id":"https:\/\/chopcrypto.io\/pt-br\/#organization"},"potentialAction":[{"@type":"SearchAction","target":{"@type":"EntryPoint","urlTemplate":"https:\/\/chopcrypto.io\/pt-br\/?s={search_term_string}"},"query-input":"required name=search_term_string"}],"inLanguage":"pt-BR"},{"@type":"Organization","@id":"https:\/\/chopcrypto.io\/pt-br\/#organization","name":"Chop","url":"https:\/\/chopcrypto.io\/pt-br\/","logo":{"@type":"ImageObject","inLanguage":"pt-BR","@id":"https:\/\/chopcrypto.io\/pt-br\/#\/schema\/logo\/image\/","url":"https:\/\/chopcrypto.io\/wp-content\/uploads\/2023\/07\/logo.svg","contentUrl":"https:\/\/chopcrypto.io\/wp-content\/uploads\/2023\/07\/logo.svg","width":105,"height":37,"caption":"Chop"},"image":{"@id":"https:\/\/chopcrypto.io\/pt-br\/#\/schema\/logo\/image\/"}}]}},"_links":{"self":[{"href":"https:\/\/chopcrypto.io\/pt-br\/wp-json\/wp\/v2\/pages\/142","targetHints":{"allow":["GET"]}}],"collection":[{"href":"https:\/\/chopcrypto.io\/pt-br\/wp-json\/wp\/v2\/pages"}],"about":[{"href":"https:\/\/chopcrypto.io\/pt-br\/wp-json\/wp\/v2\/types\/page"}],"author":[{"embeddable":true,"href":"https:\/\/chopcrypto.io\/pt-br\/wp-json\/wp\/v2\/users\/1"}],"replies":[{"embeddable":true,"href":"https:\/\/chopcrypto.io\/pt-br\/wp-json\/wp\/v2\/comments?post=142"}],"version-history":[{"count":2,"href":"https:\/\/chopcrypto.io\/pt-br\/wp-json\/wp\/v2\/pages\/142\/revisions"}],"predecessor-version":[{"id":146,"href":"https:\/\/chopcrypto.io\/pt-br\/wp-json\/wp\/v2\/pages\/142\/revisions\/146"}],"wp:attachment":[{"href":"https:\/\/chopcrypto.io\/pt-br\/wp-json\/wp\/v2\/media?parent=142"}],"curies":[{"name":"wp","href":"https:\/\/api.w.org\/{rel}","templated":true}]}}