{"id":140,"date":"2023-07-16T14:07:04","date_gmt":"2023-07-16T14:07:04","guid":{"rendered":"https:\/\/chopcrypto.io\/aml-kyc\/"},"modified":"2023-07-16T14:07:04","modified_gmt":"2023-07-16T14:07:04","slug":"aml-kyc","status":"publish","type":"page","link":"https:\/\/chopcrypto.io\/pt-br\/aml-kyc\/","title":{"rendered":"AML\/KYC"},"content":{"rendered":"<p>N\u00f3s nos esfor\u00e7amos para proteger nossos usu\u00e1rios de atividades fraudulentas e fraudulentas na esfera de ativos criptogr\u00e1ficos. \u00c9 poss\u00edvel que certos criptoativos sejam usados para golpes ou qualquer outra atividade criminosa, conforme definido por lei. Para evitar isso, \u00e9 necess\u00e1rio tomar medidas para garantir a verifica\u00e7\u00e3o do cliente e a seguran\u00e7a das transa\u00e7\u00f5es financeiras. Uma das melhores medidas \u00e9 o procedimento AML\/KYC, que nos permite confirmar que voc\u00ea \u00e9 uma pessoa f\u00edsica ou jur\u00eddica cumpridora da lei. N\u00f3s da Chop possuimos um sistema de pontua\u00e7\u00e3o de risco capaz de detectar atividades suspeitas. Se uma transa\u00e7\u00e3o for sinalizada pelo sistema, ela \u00e9 colocada em espera e o Usu\u00e1rio \u00e9 solicitado a passar na verifica\u00e7\u00e3o AML &amp; KYC. A Chop service reserva-se o direito de aplicar o procedimento AML\/KYC a determinados usu\u00e1rios, endere\u00e7os e transa\u00e7\u00f5es espec\u00edficas de ativos criptogr\u00e1ficos. A aplica\u00e7\u00e3o do procedimento AML\/KYC \u00e9 baseada nas pol\u00edticas internas do servi\u00e7o Chop e visa prevenir e mitigar poss\u00edveis riscos de o servi\u00e7o Chop estar envolvido em lavagem de dinheiro, bem como quaisquer outras atividades ilegais. Informamos que a Cho reserva-se o direito de nomear um prestador de servi\u00e7os terceirizado para cumprir o procedimento AML\/KYC em nome da Chop service. Ao processar suas informa\u00e7\u00f5es, esse provedor de servi\u00e7os cumpre completamente nossa Pol\u00edtica de Privacidade em rela\u00e7\u00e3o \u00e0s suas informa\u00e7\u00f5es pessoais. A Chop pode fornecer as informa\u00e7\u00f5es coletadas durante o procedimento AML\/KYC \u00e0s autoridades competentes mediante solicita\u00e7\u00e3o leg\u00edtima. A Chop n\u00e3o entrar\u00e1 em um acordo comercial com indiv\u00edduo ou entidade suspeita ou diretamente envolvida em lavagem de dinheiro, ou em que os fundos tenham sido a fonte de atividade ilegal.   <\/p>\n<h2>Procedimento AML e KYC<\/h2>\n<p>O procedimento AML\/KYC pode ser aplicado em rela\u00e7\u00e3o aos pagamentos de ativos criptogr\u00e1ficos, que s\u00e3o determinados pelo nosso sistema automatizado de preven\u00e7\u00e3o de riscos como suspeitos. Nesses casos, o Brokers Crypto entrar\u00e1 em contato com o usu\u00e1rio por e-mail cadastrado com conta. O procedimento AML\/KYC inclui a confirma\u00e7\u00e3o da identidade dos usu\u00e1rios por meio de: <\/p>\n<ul>\n<li>Uma foto de alta qualidade de sua identidade (passaporte ou carteira de habilita\u00e7\u00e3o) v\u00e1lida em seu pa\u00eds;<\/li>\n<li>Comprovante da origem dos recursos;<\/li>\n<li>Qualquer outra documenta\u00e7\u00e3o aplic\u00e1vel.<\/li>\n<\/ul>\n<p>Ap\u00f3s a conclus\u00e3o bem-sucedida da verifica\u00e7\u00e3o AML &amp; KYC, a transa\u00e7\u00e3o que foi colocada em espera ser\u00e1 processada. Se houver qualquer d\u00favida razo\u00e1vel de que qualquer informa\u00e7\u00e3o fornecida pelo Usu\u00e1rio \u00e9 errado, falso, desatualizado ou incompleto, a Chop tem o direito de enviar ao usu\u00e1rio um aviso para exigir corre\u00e7\u00f5es ou encerrar todos os Servi\u00e7os para o Usu\u00e1rio.<\/p>\n","protected":false},"excerpt":{"rendered":"<p>N\u00f3s nos esfor\u00e7amos para proteger nossos usu\u00e1rios de atividades fraudulentas e fraudulentas na esfera de ativos criptogr\u00e1ficos. \u00c9 poss\u00edvel que certos criptoativos sejam usados para golpes ou qualquer outra atividade criminosa, conforme definido por lei. Para evitar isso, \u00e9 necess\u00e1rio tomar medidas para garantir a verifica\u00e7\u00e3o do cliente e a seguran\u00e7a das transa\u00e7\u00f5es financeiras. Uma [&hellip;]<\/p>\n","protected":false},"author":1,"featured_media":0,"parent":0,"menu_order":0,"comment_status":"closed","ping_status":"closed","template":"","meta":{"inline_featured_image":false,"footnotes":""},"class_list":["post-140","page","type-page","status-publish","hentry"],"yoast_head":"<!-- This site is optimized with the Yoast SEO plugin v20.11 - https:\/\/yoast.com\/wordpress\/plugins\/seo\/ -->\n<title>AML\/KYC - Chop<\/title>\n<meta name=\"robots\" content=\"index, follow, max-snippet:-1, max-image-preview:large, max-video-preview:-1\" \/>\n<link rel=\"canonical\" href=\"https:\/\/chopcrypto.io\/pt-br\/aml-kyc\/\" \/>\n<meta property=\"og:locale\" content=\"pt_BR\" \/>\n<meta property=\"og:type\" content=\"article\" \/>\n<meta property=\"og:title\" content=\"AML\/KYC - Chop\" \/>\n<meta property=\"og:description\" content=\"N\u00f3s nos esfor\u00e7amos para proteger nossos usu\u00e1rios de atividades fraudulentas e fraudulentas na esfera de ativos criptogr\u00e1ficos. \u00c9 poss\u00edvel que certos criptoativos sejam usados para golpes ou qualquer outra atividade criminosa, conforme definido por lei. Para evitar isso, \u00e9 necess\u00e1rio tomar medidas para garantir a verifica\u00e7\u00e3o do cliente e a seguran\u00e7a das transa\u00e7\u00f5es financeiras. Uma [&hellip;]\" \/>\n<meta property=\"og:url\" content=\"https:\/\/chopcrypto.io\/pt-br\/aml-kyc\/\" \/>\n<meta property=\"og:site_name\" content=\"Chop\" \/>\n<meta name=\"twitter:card\" content=\"summary_large_image\" \/>\n<meta name=\"twitter:label1\" content=\"Est. tempo de leitura\" \/>\n\t<meta name=\"twitter:data1\" content=\"2 minutos\" \/>\n<script type=\"application\/ld+json\" class=\"yoast-schema-graph\">{\"@context\":\"https:\/\/schema.org\",\"@graph\":[{\"@type\":\"WebPage\",\"@id\":\"https:\/\/chopcrypto.io\/pt-br\/aml-kyc\/\",\"url\":\"https:\/\/chopcrypto.io\/pt-br\/aml-kyc\/\",\"name\":\"AML\/KYC - Chop\",\"isPartOf\":{\"@id\":\"https:\/\/chopcrypto.io\/pt-br\/#website\"},\"datePublished\":\"2023-07-16T14:07:04+00:00\",\"dateModified\":\"2023-07-16T14:07:04+00:00\",\"breadcrumb\":{\"@id\":\"https:\/\/chopcrypto.io\/pt-br\/aml-kyc\/#breadcrumb\"},\"inLanguage\":\"pt-BR\",\"potentialAction\":[{\"@type\":\"ReadAction\",\"target\":[\"https:\/\/chopcrypto.io\/pt-br\/aml-kyc\/\"]}]},{\"@type\":\"BreadcrumbList\",\"@id\":\"https:\/\/chopcrypto.io\/pt-br\/aml-kyc\/#breadcrumb\",\"itemListElement\":[{\"@type\":\"ListItem\",\"position\":1,\"name\":\"Home\",\"item\":\"https:\/\/chopcrypto.io\/pt-br\/\"},{\"@type\":\"ListItem\",\"position\":2,\"name\":\"AML\/KYC\"}]},{\"@type\":\"WebSite\",\"@id\":\"https:\/\/chopcrypto.io\/pt-br\/#website\",\"url\":\"https:\/\/chopcrypto.io\/pt-br\/\",\"name\":\"Chop\",\"description\":\"\",\"publisher\":{\"@id\":\"https:\/\/chopcrypto.io\/pt-br\/#organization\"},\"potentialAction\":[{\"@type\":\"SearchAction\",\"target\":{\"@type\":\"EntryPoint\",\"urlTemplate\":\"https:\/\/chopcrypto.io\/pt-br\/?s={search_term_string}\"},\"query-input\":\"required name=search_term_string\"}],\"inLanguage\":\"pt-BR\"},{\"@type\":\"Organization\",\"@id\":\"https:\/\/chopcrypto.io\/pt-br\/#organization\",\"name\":\"Chop\",\"url\":\"https:\/\/chopcrypto.io\/pt-br\/\",\"logo\":{\"@type\":\"ImageObject\",\"inLanguage\":\"pt-BR\",\"@id\":\"https:\/\/chopcrypto.io\/pt-br\/#\/schema\/logo\/image\/\",\"url\":\"https:\/\/chopcrypto.io\/wp-content\/uploads\/2023\/07\/logo.svg\",\"contentUrl\":\"https:\/\/chopcrypto.io\/wp-content\/uploads\/2023\/07\/logo.svg\",\"width\":105,\"height\":37,\"caption\":\"Chop\"},\"image\":{\"@id\":\"https:\/\/chopcrypto.io\/pt-br\/#\/schema\/logo\/image\/\"}}]}<\/script>\n<!-- \/ Yoast SEO plugin. -->","yoast_head_json":{"title":"AML\/KYC - Chop","robots":{"index":"index","follow":"follow","max-snippet":"max-snippet:-1","max-image-preview":"max-image-preview:large","max-video-preview":"max-video-preview:-1"},"canonical":"https:\/\/chopcrypto.io\/pt-br\/aml-kyc\/","og_locale":"pt_BR","og_type":"article","og_title":"AML\/KYC - Chop","og_description":"N\u00f3s nos esfor\u00e7amos para proteger nossos usu\u00e1rios de atividades fraudulentas e fraudulentas na esfera de ativos criptogr\u00e1ficos. \u00c9 poss\u00edvel que certos criptoativos sejam usados para golpes ou qualquer outra atividade criminosa, conforme definido por lei. Para evitar isso, \u00e9 necess\u00e1rio tomar medidas para garantir a verifica\u00e7\u00e3o do cliente e a seguran\u00e7a das transa\u00e7\u00f5es financeiras. Uma [&hellip;]","og_url":"https:\/\/chopcrypto.io\/pt-br\/aml-kyc\/","og_site_name":"Chop","twitter_card":"summary_large_image","twitter_misc":{"Est. tempo de leitura":"2 minutos"},"schema":{"@context":"https:\/\/schema.org","@graph":[{"@type":"WebPage","@id":"https:\/\/chopcrypto.io\/pt-br\/aml-kyc\/","url":"https:\/\/chopcrypto.io\/pt-br\/aml-kyc\/","name":"AML\/KYC - Chop","isPartOf":{"@id":"https:\/\/chopcrypto.io\/pt-br\/#website"},"datePublished":"2023-07-16T14:07:04+00:00","dateModified":"2023-07-16T14:07:04+00:00","breadcrumb":{"@id":"https:\/\/chopcrypto.io\/pt-br\/aml-kyc\/#breadcrumb"},"inLanguage":"pt-BR","potentialAction":[{"@type":"ReadAction","target":["https:\/\/chopcrypto.io\/pt-br\/aml-kyc\/"]}]},{"@type":"BreadcrumbList","@id":"https:\/\/chopcrypto.io\/pt-br\/aml-kyc\/#breadcrumb","itemListElement":[{"@type":"ListItem","position":1,"name":"Home","item":"https:\/\/chopcrypto.io\/pt-br\/"},{"@type":"ListItem","position":2,"name":"AML\/KYC"}]},{"@type":"WebSite","@id":"https:\/\/chopcrypto.io\/pt-br\/#website","url":"https:\/\/chopcrypto.io\/pt-br\/","name":"Chop","description":"","publisher":{"@id":"https:\/\/chopcrypto.io\/pt-br\/#organization"},"potentialAction":[{"@type":"SearchAction","target":{"@type":"EntryPoint","urlTemplate":"https:\/\/chopcrypto.io\/pt-br\/?s={search_term_string}"},"query-input":"required name=search_term_string"}],"inLanguage":"pt-BR"},{"@type":"Organization","@id":"https:\/\/chopcrypto.io\/pt-br\/#organization","name":"Chop","url":"https:\/\/chopcrypto.io\/pt-br\/","logo":{"@type":"ImageObject","inLanguage":"pt-BR","@id":"https:\/\/chopcrypto.io\/pt-br\/#\/schema\/logo\/image\/","url":"https:\/\/chopcrypto.io\/wp-content\/uploads\/2023\/07\/logo.svg","contentUrl":"https:\/\/chopcrypto.io\/wp-content\/uploads\/2023\/07\/logo.svg","width":105,"height":37,"caption":"Chop"},"image":{"@id":"https:\/\/chopcrypto.io\/pt-br\/#\/schema\/logo\/image\/"}}]}},"_links":{"self":[{"href":"https:\/\/chopcrypto.io\/pt-br\/wp-json\/wp\/v2\/pages\/140","targetHints":{"allow":["GET"]}}],"collection":[{"href":"https:\/\/chopcrypto.io\/pt-br\/wp-json\/wp\/v2\/pages"}],"about":[{"href":"https:\/\/chopcrypto.io\/pt-br\/wp-json\/wp\/v2\/types\/page"}],"author":[{"embeddable":true,"href":"https:\/\/chopcrypto.io\/pt-br\/wp-json\/wp\/v2\/users\/1"}],"replies":[{"embeddable":true,"href":"https:\/\/chopcrypto.io\/pt-br\/wp-json\/wp\/v2\/comments?post=140"}],"version-history":[{"count":0,"href":"https:\/\/chopcrypto.io\/pt-br\/wp-json\/wp\/v2\/pages\/140\/revisions"}],"wp:attachment":[{"href":"https:\/\/chopcrypto.io\/pt-br\/wp-json\/wp\/v2\/media?parent=140"}],"curies":[{"name":"wp","href":"https:\/\/api.w.org\/{rel}","templated":true}]}}