{"id":139,"date":"2023-07-16T14:01:58","date_gmt":"2023-07-16T14:01:58","guid":{"rendered":"https:\/\/chopcrypto.io\/politica-de-privacidade\/"},"modified":"2025-01-07T14:55:58","modified_gmt":"2025-01-07T14:55:58","slug":"politica-de-privacidade","status":"publish","type":"page","link":"https:\/\/chopcrypto.io\/pt-br\/politica-de-privacidade\/","title":{"rendered":"Pol\u00edtica De Privacidade"},"content":{"rendered":"<p>Para lhe fornecer nossos servi\u00e7os, precisamos (e \u00e0s vezes somos obrigados por lei) a coletar seus dados pessoais. Esta Pol\u00edtica de Privacidade (a &#8220;Pol\u00edtica&#8221;) informa os usu\u00e1rios (um &#8220;usu\u00e1rio&#8221;, &#8220;voc\u00ea&#8221;) de nossas pol\u00edticas em rela\u00e7\u00e3o ao processamento de informa\u00e7\u00f5es pessoais que recebemos dos usu\u00e1rios do https:\/\/chop.crypto (&#8220;n\u00f3s&#8221;, &#8220;n\u00f3s&#8221; ou &#8220;nosso&#8221;). A Pol\u00edtica se aplica \u00e0 Plataforma Tecnol\u00f3gica e a todos os servi\u00e7os oferecidos pela Chop.<\/p>\n<h2>1. Que tipo de informa\u00e7\u00f5es pessoais coletamos?<\/h2>\n<p>1.1. Ao fornecer nossos Servi\u00e7os, podemos coletar as &#8220;informa\u00e7\u00f5es pessoais&#8221;, que s\u00e3o definidas como qualquer informa\u00e7\u00e3o que identifique ou possa ser usada para identificar, contatar ou localizar a pessoa a quem essas informa\u00e7\u00f5es pertencem. Ou seja, podemos coletar:<\/p>\n<p style=\"padding-left: 40px;\">1.1.1. Informa\u00e7\u00f5es de identidade: nome, identifica\u00e7\u00e3o facial, CPF, RG ou outros documentos que comprovem sua identidade e quaisquer outras informa\u00e7\u00f5es que possam conter;<\/p>\n<p style=\"padding-left: 40px;\">1.1.2. Informa\u00e7\u00f5es residenciais: endere\u00e7o IP, endere\u00e7o de resid\u00eancia, documentos que comprovem sua resid\u00eancia e quaisquer outras informa\u00e7\u00f5es que possam conter;<\/p>\n<p style=\"padding-left: 40px;\">1.1.3. Informa\u00e7\u00f5es de contato: endere\u00e7o de E-mail, endere\u00e7o para correspond\u00eancia, n\u00famero de telefone;<\/p>\n<p style=\"padding-left: 40px;\">1.1.4. Informa\u00e7\u00f5es de seguran\u00e7a: alias, senhas;<\/p>\n<p style=\"padding-left: 40px;\">1.1.5. Informa\u00e7\u00f5es financeiras e de faturamento: n\u00famero de contas banc\u00e1rias e nomes de institui\u00e7\u00f5es banc\u00e1rias, identificadores em sistemas de pagamento ou outros meios de pagamento, Informa\u00e7\u00f5es sobre suas contas de saldo, seu hist\u00f3rico de transa\u00e7\u00f5es, endere\u00e7os de carteira de entrada e sa\u00edda;<\/p>\n<p style=\"padding-left: 40px;\">1.1.6. Seus dispositivos m\u00f3veis que voc\u00ea usa com a Plataforma Tecnol\u00f3gica podem fornecer algumas informa\u00e7\u00f5es que podem potencialmente identific\u00e1-lo, como o tipo (incluindo identificadores) do dispositivo, tipo de plataforma, n\u00famero de telefone celular, seu servi\u00e7o de internet, Sistema Operacional, informa\u00e7\u00f5es de geolocaliza\u00e7\u00e3o, navegador que voc\u00ea usa, idioma do navegador ou as p\u00e1ginas que voc\u00ea visita, etc.;<\/p>\n<p style=\"padding-left: 40px;\">1.1.7. A plataforma tecnol\u00f3gica pode coletar algumas de suas informa\u00e7\u00f5es de comportamento, como sua visita \u00e0 Plataforma Tecnol\u00f3gica, cliques em an\u00fancios ou outras informa\u00e7\u00f5es semelhantes. Essas informa\u00e7\u00f5es podem ser recebidas com dados adicionais relacionados (ou metadados), como Hora, data e local relacionados a essas informa\u00e7\u00f5es;<\/p>\n<p style=\"padding-left: 40px;\">1.1.8. \u00c0s vezes, voc\u00ea decide compartilhar conosco algumas outras informa\u00e7\u00f5es pessoais e podemos colet\u00e1-las tamb\u00e9m.<\/p>\n<p>1.2. N\u00e3o coletamos nenhuma informa\u00e7\u00e3o que possa identific\u00e1-lo SEM SUA permiss\u00e3o. No entanto, usamos o Google Analytics em nossa plataforma de tecnologia. Se voc\u00ea quiser saber mais sobre o Google Analytics e sua pol\u00edtica de &#8220;n\u00e3o rastrear&#8221;, visite https:\/\/www.google.com\/analytics\/terms\/us.html<\/p>\n<h2>2. Como Usamos Suas Informa\u00e7\u00f5es Pessoais<\/h2>\n<p>2.1. N\u00f3s, nossos parceiros autorizados e nossos representantes armazenamos e usamos suas informa\u00e7\u00f5es pessoais apenas para fornecer e melhorar a plataforma de tecnologia. Em particular, usamos as informa\u00e7\u00f5es pessoais dos usu\u00e1rios para os seguintes fins:<\/p>\n<p style=\"padding-left: 40px;\">2.1.1. Para lhe fornecer os Servi\u00e7os: podemos usar informa\u00e7\u00f5es para executar suas solicita\u00e7\u00f5es de transa\u00e7\u00e3o e ordens de negocia\u00e7\u00e3o;<\/p>\n<p style=\"padding-left: 40px;\">2.1.2. Para cumprir com nossas obriga\u00e7\u00f5es legais: em muitas jurisdi\u00e7\u00f5es, somos obrigados a coletar certas informa\u00e7\u00f5es sobre nossos usu\u00e1rios para sermos autorizados a agir (Conhe\u00e7a seu cliente e regulamentos Contra Lavagem de dinheiro);<\/p>\n<p style=\"padding-left: 40px;\">2.1.3. Para proteger seus ativos: podemos usar informa\u00e7\u00f5es para identificar voc\u00ea e os ativos pertencentes a voc\u00ea, a fim de garantir o acesso \u00e0s suas contas e evitar a fraude;<\/p>\n<p style=\"padding-left: 40px;\">2.1.4. Para melhorar o atendimento ao cliente: as informa\u00e7\u00f5es fornecidas pelos usu\u00e1rios nos ajudam a responder \u00e0s solicita\u00e7\u00f5es de atendimento ao cliente e \u00e0s necessidades de suporte de forma mais eficiente;<\/p>\n<p style=\"padding-left: 40px;\">2.1.5. Para personalizar a experi\u00eancia do Usu\u00e1rio: podemos usar as informa\u00e7\u00f5es de maneira geral para entender como nossos usu\u00e1rios, como grupo, usam os servi\u00e7os e recursos fornecidos em nossa plataforma de tecnologia;<\/p>\n<p style=\"padding-left: 40px;\">2.1.6. Para melhorar nossa plataforma de tecnologia: podemos usar o feedback fornecido pelos usu\u00e1rios para melhorar nossos produtos e servi\u00e7os;<\/p>\n<p style=\"padding-left: 40px;\">2.1.7. Para manter nossa plataforma de tecnologia: podemos usar as informa\u00e7\u00f5es que os usu\u00e1rios fornecem sobre si mesmos ao receber solicita\u00e7\u00e3o de transa\u00e7\u00e3o apenas para fornecer servi\u00e7o a essa solicita\u00e7\u00e3o;<\/p>\n<p style=\"padding-left: 40px;\">2.1.8. Para enviar e-mails peri\u00f3dicos: Podemos usar o endere\u00e7o de E-mail para enviar informa\u00e7\u00f5es e atualiza\u00e7\u00f5es referentes ao seu uso da solicita\u00e7\u00e3o de transa\u00e7\u00e3o;<\/p>\n<p style=\"padding-left: 40px;\">2.1.9. Para resolver disputas e fazer cumprir nossos acordos na medida necess\u00e1ria e suficiente para proteger seus interesses ou interesses de outros usu\u00e1rios.<\/p>\n<p>2.2. Seguimos rigorosamente as melhores pr\u00e1ticas do setor e aderimos \u00e0s regras estabelecidas no GDPR, OPPA, CAN-SPAM e COPPA<\/p>\n<h2>3. Como podemos compartilhar as informa\u00e7\u00f5es<\/h2>\n<p>3.1. Em determinadas situa\u00e7\u00f5es, podemos ser obrigados a divulgar dados pessoais em resposta a solicita\u00e7\u00f5es legais de autoridades competentes, inclusive para atender a requisitos de seguran\u00e7a nacional, interesses p\u00fablicos ou aplica\u00e7\u00e3o da lei.<\/p>\n<p>3.2. Podemos divulgar suas informa\u00e7\u00f5es pessoais quando exigido por lei (por exemplo, para cumprir uma intima\u00e7\u00e3o, mandado, ordem judicial ou processo legal servido no Chop) e quando acreditarmos que a divulga\u00e7\u00e3o \u00e9 necess\u00e1ria para proteger nossos direitos, evitar lit\u00edgios, proteger sua seguran\u00e7a ou a seguran\u00e7a de outras pessoas, investigar fraudes e\/ou responder a uma solicita\u00e7\u00e3o do governo.<\/p>\n<p>3.3. Voc\u00ea concorda que podemos compartilhar e transferir suas informa\u00e7\u00f5es que n\u00e3o o identificam mais para o terceiro (pseudonimiza\u00e7\u00e3o) que \u00e9 uma parte contratante conosco, Geralmente nossos prestadores de servi\u00e7os ou parceiros de publicidade.<\/p>\n<h2>4. Por Quanto Tempo Retemos Suas Informa\u00e7\u00f5es Pessoais<\/h2>\n<p>4.1. Reteremos suas informa\u00e7\u00f5es enquanto sua conta estiver ativa, suas informa\u00e7\u00f5es forem necess\u00e1rias para fornecer servi\u00e7os a voc\u00ea ou conforme necess\u00e1rio para cumprir nossas obriga\u00e7\u00f5es legais.<\/p>\n<p>4.2. Entrando em contato conosco pelo support@chop.crypto voc\u00ea pode, a qualquer momento, Obter a confirma\u00e7\u00e3o se os dados pessoais que lhe dizem respeito est\u00e3o ou n\u00e3o sendo processados.<\/p>\n<h2>5. Como Protegemos Suas Informa\u00e7\u00f5es<\/h2>\n<p>5.1. Adotamos pr\u00e1ticas apropriadas de coleta, armazenamento e processamento de dados e medidas de seguran\u00e7a para proteger contra acesso n\u00e3o autorizado, altera\u00e7\u00e3o, divulga\u00e7\u00e3o ou destrui\u00e7\u00e3o de suas informa\u00e7\u00f5es pessoais, Nome de usu\u00e1rio, senha, informa\u00e7\u00f5es de transa\u00e7\u00f5es e dados armazenados em nossa plataforma de tecnologia.<\/p>\n<p>5.2. A troca de dados confidenciais e privados entre a plataforma de tecnologia e seus usu\u00e1rios acontece por meio de um canal de comunica\u00e7\u00e3o protegido por SSL e \u00e9 criptografada e protegida com assinaturas digitais. Nossa plataforma de tecnologia est\u00e1 funcionando em conformidade com os padr\u00f5es de vulnerabilidade PCI, a fim de criar um ambiente o mais seguro poss\u00edvel para os usu\u00e1rios.<\/p>\n<p>5.3. Infelizmente, n\u00e3o existe uma transmiss\u00e3o ou armazenamento de dados completamente seguro, por isso n\u00e3o podemos garantir que nossa seguran\u00e7a n\u00e3o ser\u00e1 violada (por medidas t\u00e9cnicas ou por viola\u00e7\u00e3o de nossas pol\u00edticas e procedimentos).<\/p>\n<p>5.4. Sem preju\u00edzo de nossos esfor\u00e7os na prote\u00e7\u00e3o de suas informa\u00e7\u00f5es nada aqui contido constitui garantia de seguran\u00e7a da Plataforma Tecnol\u00f3gica, e voc\u00ea concorda em transmitir informa\u00e7\u00f5es por sua conta e risco. Observe que a plataforma tecnol\u00f3gica n\u00e3o garante que suas informa\u00e7\u00f5es n\u00e3o possam ser acessadas, divulgadas, alteradas ou destru\u00eddas por viola\u00e7\u00e3o de qualquer uma de nossas salvaguardas f\u00edsicas, t\u00e9cnicas ou gerenciais.<\/p>\n<h2>6. Quais s\u00e3o seus direitos sobre seus dados?<\/h2>\n<p>6.1. Todas as suas informa\u00e7\u00f5es pessoais que coletamos sempre pertencer\u00e3o a voc\u00ea. No entanto, somos um coletor e um processador de suas informa\u00e7\u00f5es pessoais. Isso implica em n\u00f3s obriga\u00e7\u00f5es de respeitar seus direitos \u00e0s informa\u00e7\u00f5es pessoais e facilitar o exerc\u00edcio de seus direitos a elas. Para utilizar qualquer um dos seus direitos a qualquer momento, entre em contato conosco e facilitaremos o exerc\u00edcio dos seus direitos gratuitamente. Iremos inform\u00e1-lo sobre as a\u00e7\u00f5es tomadas por n\u00f3s sob sua solicita\u00e7\u00e3o o mais breve poss\u00edvel, mas em qualquer caso, o mais tardar em 30 (trinta) dias corridos.<\/p>\n<p>6.2. De acordo com os regulamentos vigentes, voc\u00ea tem um n\u00famero significativo de direitos relacionados \u00e0s suas informa\u00e7\u00f5es pessoais, como, por exemplo.:<\/p>\n<p style=\"padding-left: 40px;\">6.2.1. Direito de acesso. Voc\u00ea pode obter de n\u00f3s a confirma\u00e7\u00e3o sobre se os dados pessoais relativos a voc\u00ea est\u00e3o ou n\u00e3o sendo processados e obter acesso a tais dados pessoais;<\/p>\n<p style=\"padding-left: 40px;\">6.2.2. Direito de retificar suas informa\u00e7\u00f5es pessoais imprecisas e de completar dados pessoais incompletos, inclusive por meio de uma declara\u00e7\u00e3o complementar<\/p>\n<p style=\"padding-left: 40px;\">6.2.3. Direito de apagar suas informa\u00e7\u00f5es pessoais. Observe que uma solicita\u00e7\u00e3o para apagar suas informa\u00e7\u00f5es pessoais tamb\u00e9m encerrar\u00e1 sua conta no Site. Apagaremos automaticamente e sem demora indevida suas informa\u00e7\u00f5es pessoais quando elas n\u00e3o forem mais necess\u00e1rias em rela\u00e7\u00e3o aos prop\u00f3sitos para os quais foram coletadas ou processadas de outra forma;<\/p>\n<p style=\"padding-left: 40px;\">6.2.4. Direito de restringir o processamento de suas informa\u00e7\u00f5es pessoais;<\/p>\n<p style=\"padding-left: 40px;\">6.2.5. Direito \u00e0 portabilidade dos dados. Voc\u00ea pode obter de n\u00f3s os dados pessoais relativos a voc\u00ea e que voc\u00ea nos forneceu e transmiti-los a outro controlador de informa\u00e7\u00f5es pessoais;<\/p>\n<p style=\"padding-left: 40px;\">6.2.6. Direito de se opor ao processamento de suas informa\u00e7\u00f5es pessoais,<\/p>\n<p style=\"padding-left: 40px;\">6.2.7. Direito de retirar seu consentimento para o uso de suas informa\u00e7\u00f5es pessoais a qualquer momento<\/p>\n<h2>7. Crian\u00e7as<\/h2>\n<p>7.1. N\u00e3o pretendemos solicitar ou coletar informa\u00e7\u00f5es pessoais de menores de 18 anos ou menores de idade legal do seu pa\u00eds, se for maior. Se voc\u00ea tem menos de 18 anos ou n\u00e3o tem idade legal de seu pa\u00eds, n\u00e3o insira nenhuma informa\u00e7\u00e3o pessoal em nossa plataforma de tecnologia.<\/p>\n<h2>8. Altera\u00e7\u00f5es na Pol\u00edtica de Privacidade<\/h2>\n<p>8.1. A plataforma tecnol\u00f3gica tem o poder de atualizar esta pol\u00edtica a qualquer momento. O Usu\u00e1rio deve verificar esta Pol\u00edtica de Privacidade periodicamente. Seu uso continuado do servi\u00e7o ap\u00f3s publicarmos quaisquer modifica\u00e7\u00f5es na Pol\u00edtica de Privacidade nesta p\u00e1gina constituir\u00e1 seu reconhecimento das modifica\u00e7\u00f5es e seu consentimento em cumprir e estar vinculado \u00e0 Pol\u00edtica de Privacidade modificada.<\/p>\n<p>8.2. Se fizermos quaisquer altera\u00e7\u00f5es materiais a esta Pol\u00edtica de Privacidade, iremos notific\u00e1-lo atrav\u00e9s do endere\u00e7o de E-mail que voc\u00ea nos forneceu, ou colocando um aviso proeminente na plataforma de tecnologia. Voc\u00ea reconhece e concorda que \u00e9 sua responsabilidade revisar esta pol\u00edtica de Privacidade periodicamente e tomar conhecimento das modifica\u00e7\u00f5es.<\/p>\n","protected":false},"excerpt":{"rendered":"<p>Para lhe fornecer nossos servi\u00e7os, precisamos (e \u00e0s vezes somos obrigados por lei) a coletar seus dados pessoais. Esta Pol\u00edtica de Privacidade (a &#8220;Pol\u00edtica&#8221;) informa os usu\u00e1rios (um &#8220;usu\u00e1rio&#8221;, &#8220;voc\u00ea&#8221;) de nossas pol\u00edticas em rela\u00e7\u00e3o ao processamento de informa\u00e7\u00f5es pessoais que recebemos dos usu\u00e1rios do https:\/\/chop.crypto (&#8220;n\u00f3s&#8221;, &#8220;n\u00f3s&#8221; ou &#8220;nosso&#8221;). A Pol\u00edtica se aplica \u00e0 [&hellip;]<\/p>\n","protected":false},"author":1,"featured_media":0,"parent":0,"menu_order":0,"comment_status":"closed","ping_status":"closed","template":"","meta":{"inline_featured_image":false,"footnotes":""},"class_list":["post-139","page","type-page","status-publish","hentry"],"yoast_head":"<!-- This site is optimized with the Yoast SEO plugin v20.11 - https:\/\/yoast.com\/wordpress\/plugins\/seo\/ -->\n<title>Pol\u00edtica De Privacidade - Chop<\/title>\n<meta name=\"robots\" content=\"index, follow, max-snippet:-1, max-image-preview:large, max-video-preview:-1\" \/>\n<link rel=\"canonical\" href=\"https:\/\/chopcrypto.io\/pt-br\/politica-de-privacidade\/\" \/>\n<meta property=\"og:locale\" content=\"pt_BR\" \/>\n<meta property=\"og:type\" content=\"article\" \/>\n<meta property=\"og:title\" content=\"Pol\u00edtica De Privacidade - Chop\" \/>\n<meta property=\"og:description\" content=\"Para lhe fornecer nossos servi\u00e7os, precisamos (e \u00e0s vezes somos obrigados por lei) a coletar seus dados pessoais. Esta Pol\u00edtica de Privacidade (a &#8220;Pol\u00edtica&#8221;) informa os usu\u00e1rios (um &#8220;usu\u00e1rio&#8221;, &#8220;voc\u00ea&#8221;) de nossas pol\u00edticas em rela\u00e7\u00e3o ao processamento de informa\u00e7\u00f5es pessoais que recebemos dos usu\u00e1rios do https:\/\/chop.crypto (&#8220;n\u00f3s&#8221;, &#8220;n\u00f3s&#8221; ou &#8220;nosso&#8221;). A Pol\u00edtica se aplica \u00e0 [&hellip;]\" \/>\n<meta property=\"og:url\" content=\"https:\/\/chopcrypto.io\/pt-br\/politica-de-privacidade\/\" \/>\n<meta property=\"og:site_name\" content=\"Chop\" \/>\n<meta property=\"article:modified_time\" content=\"2025-01-07T14:55:58+00:00\" \/>\n<meta name=\"twitter:card\" content=\"summary_large_image\" \/>\n<meta name=\"twitter:label1\" content=\"Est. tempo de leitura\" \/>\n\t<meta name=\"twitter:data1\" content=\"7 minutos\" \/>\n<script type=\"application\/ld+json\" class=\"yoast-schema-graph\">{\"@context\":\"https:\/\/schema.org\",\"@graph\":[{\"@type\":\"WebPage\",\"@id\":\"https:\/\/chopcrypto.io\/pt-br\/politica-de-privacidade\/\",\"url\":\"https:\/\/chopcrypto.io\/pt-br\/politica-de-privacidade\/\",\"name\":\"Pol\u00edtica De Privacidade - Chop\",\"isPartOf\":{\"@id\":\"https:\/\/chopcrypto.io\/pt-br\/#website\"},\"datePublished\":\"2023-07-16T14:01:58+00:00\",\"dateModified\":\"2025-01-07T14:55:58+00:00\",\"breadcrumb\":{\"@id\":\"https:\/\/chopcrypto.io\/pt-br\/politica-de-privacidade\/#breadcrumb\"},\"inLanguage\":\"pt-BR\",\"potentialAction\":[{\"@type\":\"ReadAction\",\"target\":[\"https:\/\/chopcrypto.io\/pt-br\/politica-de-privacidade\/\"]}]},{\"@type\":\"BreadcrumbList\",\"@id\":\"https:\/\/chopcrypto.io\/pt-br\/politica-de-privacidade\/#breadcrumb\",\"itemListElement\":[{\"@type\":\"ListItem\",\"position\":1,\"name\":\"Home\",\"item\":\"https:\/\/chopcrypto.io\/pt-br\/\"},{\"@type\":\"ListItem\",\"position\":2,\"name\":\"Pol\u00edtica De Privacidade\"}]},{\"@type\":\"WebSite\",\"@id\":\"https:\/\/chopcrypto.io\/pt-br\/#website\",\"url\":\"https:\/\/chopcrypto.io\/pt-br\/\",\"name\":\"Chop\",\"description\":\"\",\"publisher\":{\"@id\":\"https:\/\/chopcrypto.io\/pt-br\/#organization\"},\"potentialAction\":[{\"@type\":\"SearchAction\",\"target\":{\"@type\":\"EntryPoint\",\"urlTemplate\":\"https:\/\/chopcrypto.io\/pt-br\/?s={search_term_string}\"},\"query-input\":\"required name=search_term_string\"}],\"inLanguage\":\"pt-BR\"},{\"@type\":\"Organization\",\"@id\":\"https:\/\/chopcrypto.io\/pt-br\/#organization\",\"name\":\"Chop\",\"url\":\"https:\/\/chopcrypto.io\/pt-br\/\",\"logo\":{\"@type\":\"ImageObject\",\"inLanguage\":\"pt-BR\",\"@id\":\"https:\/\/chopcrypto.io\/pt-br\/#\/schema\/logo\/image\/\",\"url\":\"https:\/\/chopcrypto.io\/wp-content\/uploads\/2023\/07\/logo.svg\",\"contentUrl\":\"https:\/\/chopcrypto.io\/wp-content\/uploads\/2023\/07\/logo.svg\",\"width\":105,\"height\":37,\"caption\":\"Chop\"},\"image\":{\"@id\":\"https:\/\/chopcrypto.io\/pt-br\/#\/schema\/logo\/image\/\"}}]}<\/script>\n<!-- \/ Yoast SEO plugin. -->","yoast_head_json":{"title":"Pol\u00edtica De Privacidade - Chop","robots":{"index":"index","follow":"follow","max-snippet":"max-snippet:-1","max-image-preview":"max-image-preview:large","max-video-preview":"max-video-preview:-1"},"canonical":"https:\/\/chopcrypto.io\/pt-br\/politica-de-privacidade\/","og_locale":"pt_BR","og_type":"article","og_title":"Pol\u00edtica De Privacidade - Chop","og_description":"Para lhe fornecer nossos servi\u00e7os, precisamos (e \u00e0s vezes somos obrigados por lei) a coletar seus dados pessoais. Esta Pol\u00edtica de Privacidade (a &#8220;Pol\u00edtica&#8221;) informa os usu\u00e1rios (um &#8220;usu\u00e1rio&#8221;, &#8220;voc\u00ea&#8221;) de nossas pol\u00edticas em rela\u00e7\u00e3o ao processamento de informa\u00e7\u00f5es pessoais que recebemos dos usu\u00e1rios do https:\/\/chop.crypto (&#8220;n\u00f3s&#8221;, &#8220;n\u00f3s&#8221; ou &#8220;nosso&#8221;). A Pol\u00edtica se aplica \u00e0 [&hellip;]","og_url":"https:\/\/chopcrypto.io\/pt-br\/politica-de-privacidade\/","og_site_name":"Chop","article_modified_time":"2025-01-07T14:55:58+00:00","twitter_card":"summary_large_image","twitter_misc":{"Est. tempo de leitura":"7 minutos"},"schema":{"@context":"https:\/\/schema.org","@graph":[{"@type":"WebPage","@id":"https:\/\/chopcrypto.io\/pt-br\/politica-de-privacidade\/","url":"https:\/\/chopcrypto.io\/pt-br\/politica-de-privacidade\/","name":"Pol\u00edtica De Privacidade - Chop","isPartOf":{"@id":"https:\/\/chopcrypto.io\/pt-br\/#website"},"datePublished":"2023-07-16T14:01:58+00:00","dateModified":"2025-01-07T14:55:58+00:00","breadcrumb":{"@id":"https:\/\/chopcrypto.io\/pt-br\/politica-de-privacidade\/#breadcrumb"},"inLanguage":"pt-BR","potentialAction":[{"@type":"ReadAction","target":["https:\/\/chopcrypto.io\/pt-br\/politica-de-privacidade\/"]}]},{"@type":"BreadcrumbList","@id":"https:\/\/chopcrypto.io\/pt-br\/politica-de-privacidade\/#breadcrumb","itemListElement":[{"@type":"ListItem","position":1,"name":"Home","item":"https:\/\/chopcrypto.io\/pt-br\/"},{"@type":"ListItem","position":2,"name":"Pol\u00edtica De Privacidade"}]},{"@type":"WebSite","@id":"https:\/\/chopcrypto.io\/pt-br\/#website","url":"https:\/\/chopcrypto.io\/pt-br\/","name":"Chop","description":"","publisher":{"@id":"https:\/\/chopcrypto.io\/pt-br\/#organization"},"potentialAction":[{"@type":"SearchAction","target":{"@type":"EntryPoint","urlTemplate":"https:\/\/chopcrypto.io\/pt-br\/?s={search_term_string}"},"query-input":"required name=search_term_string"}],"inLanguage":"pt-BR"},{"@type":"Organization","@id":"https:\/\/chopcrypto.io\/pt-br\/#organization","name":"Chop","url":"https:\/\/chopcrypto.io\/pt-br\/","logo":{"@type":"ImageObject","inLanguage":"pt-BR","@id":"https:\/\/chopcrypto.io\/pt-br\/#\/schema\/logo\/image\/","url":"https:\/\/chopcrypto.io\/wp-content\/uploads\/2023\/07\/logo.svg","contentUrl":"https:\/\/chopcrypto.io\/wp-content\/uploads\/2023\/07\/logo.svg","width":105,"height":37,"caption":"Chop"},"image":{"@id":"https:\/\/chopcrypto.io\/pt-br\/#\/schema\/logo\/image\/"}}]}},"_links":{"self":[{"href":"https:\/\/chopcrypto.io\/pt-br\/wp-json\/wp\/v2\/pages\/139","targetHints":{"allow":["GET"]}}],"collection":[{"href":"https:\/\/chopcrypto.io\/pt-br\/wp-json\/wp\/v2\/pages"}],"about":[{"href":"https:\/\/chopcrypto.io\/pt-br\/wp-json\/wp\/v2\/types\/page"}],"author":[{"embeddable":true,"href":"https:\/\/chopcrypto.io\/pt-br\/wp-json\/wp\/v2\/users\/1"}],"replies":[{"embeddable":true,"href":"https:\/\/chopcrypto.io\/pt-br\/wp-json\/wp\/v2\/comments?post=139"}],"version-history":[{"count":2,"href":"https:\/\/chopcrypto.io\/pt-br\/wp-json\/wp\/v2\/pages\/139\/revisions"}],"predecessor-version":[{"id":144,"href":"https:\/\/chopcrypto.io\/pt-br\/wp-json\/wp\/v2\/pages\/139\/revisions\/144"}],"wp:attachment":[{"href":"https:\/\/chopcrypto.io\/pt-br\/wp-json\/wp\/v2\/media?parent=139"}],"curies":[{"name":"wp","href":"https:\/\/api.w.org\/{rel}","templated":true}]}}