{"id":137,"date":"2023-07-16T14:26:29","date_gmt":"2023-07-16T14:26:29","guid":{"rendered":"https:\/\/chopcrypto.io\/sobre-nos\/"},"modified":"2023-07-16T14:26:29","modified_gmt":"2023-07-16T14:26:29","slug":"sobre-nos","status":"publish","type":"page","link":"https:\/\/chopcrypto.io\/pt-br\/sobre-nos\/","title":{"rendered":"Sobre n\u00f3s"},"content":{"rendered":"<p>O Chop \u00e9 um servi\u00e7o de troca instant\u00e2nea de criptomoedas que oferece mais de 100 Criptomoedas para uma troca r\u00e1pida e perfeita. Temos como objetivo fornecer o acesso mais f\u00e1cil \u00e0s criptos para a comunidade com foco na Am\u00e9rica Latina. Para isso, a Chop oferece suporte ao cliente 24 horas por dia, 7 dias por semana, em ingl\u00eas, espanhol e portugu\u00eas. O Chop n\u00e3o tem cust\u00f3dia, o que significa que o servi\u00e7o nunca mant\u00e9m os fundos de nenhum usu\u00e1rio.<br \/>\nUm dos nossos princ\u00edpios fundamentais \u00e9 o anonimato. Portanto, nenhum registro \u00e9 necess\u00e1rio para implementar uma troca. O tempo de troca leva de 2 a 15 minutos em m\u00e9dia, por meio de uma interface amig\u00e1vel \u00e9 simples e clara.     <\/p>\n<h2>Entre em contato<\/h2>\n<p>Se voc\u00ea est\u00e1 interessado em colabora\u00e7\u00e3o ou tem alguma sugest\u00e3o para n\u00f3s, mande uma mensagem para <a href=\"mailto:support@chopcrypto.io\">support@chopcrypto.io<\/a><\/p>\n","protected":false},"excerpt":{"rendered":"<p>O Chop \u00e9 um servi\u00e7o de troca instant\u00e2nea de criptomoedas que oferece mais de 100 Criptomoedas para uma troca r\u00e1pida e perfeita. Temos como objetivo fornecer o acesso mais f\u00e1cil \u00e0s criptos para a comunidade com foco na Am\u00e9rica Latina. Para isso, a Chop oferece suporte ao cliente 24 horas por dia, 7 dias por [&hellip;]<\/p>\n","protected":false},"author":1,"featured_media":0,"parent":0,"menu_order":0,"comment_status":"closed","ping_status":"closed","template":"","meta":{"inline_featured_image":false,"footnotes":""},"class_list":["post-137","page","type-page","status-publish","hentry"],"yoast_head":"<!-- This site is optimized with the Yoast SEO plugin v20.11 - https:\/\/yoast.com\/wordpress\/plugins\/seo\/ -->\n<title>Sobre n\u00f3s - Chop<\/title>\n<meta name=\"robots\" content=\"index, follow, max-snippet:-1, max-image-preview:large, max-video-preview:-1\" \/>\n<link rel=\"canonical\" href=\"https:\/\/chopcrypto.io\/pt-br\/sobre-nos\/\" \/>\n<meta property=\"og:locale\" content=\"pt_BR\" \/>\n<meta property=\"og:type\" content=\"article\" \/>\n<meta property=\"og:title\" content=\"Sobre n\u00f3s - Chop\" \/>\n<meta property=\"og:description\" content=\"O Chop \u00e9 um servi\u00e7o de troca instant\u00e2nea de criptomoedas que oferece mais de 100 Criptomoedas para uma troca r\u00e1pida e perfeita. Temos como objetivo fornecer o acesso mais f\u00e1cil \u00e0s criptos para a comunidade com foco na Am\u00e9rica Latina. Para isso, a Chop oferece suporte ao cliente 24 horas por dia, 7 dias por [&hellip;]\" \/>\n<meta property=\"og:url\" content=\"https:\/\/chopcrypto.io\/pt-br\/sobre-nos\/\" \/>\n<meta property=\"og:site_name\" content=\"Chop\" \/>\n<meta name=\"twitter:card\" content=\"summary_large_image\" \/>\n<meta name=\"twitter:label1\" content=\"Est. tempo de leitura\" \/>\n\t<meta name=\"twitter:data1\" content=\"1 minuto\" \/>\n<script type=\"application\/ld+json\" class=\"yoast-schema-graph\">{\"@context\":\"https:\/\/schema.org\",\"@graph\":[{\"@type\":\"WebPage\",\"@id\":\"https:\/\/chopcrypto.io\/pt-br\/sobre-nos\/\",\"url\":\"https:\/\/chopcrypto.io\/pt-br\/sobre-nos\/\",\"name\":\"Sobre n\u00f3s - Chop\",\"isPartOf\":{\"@id\":\"https:\/\/chopcrypto.io\/pt-br\/#website\"},\"datePublished\":\"2023-07-16T14:26:29+00:00\",\"dateModified\":\"2023-07-16T14:26:29+00:00\",\"breadcrumb\":{\"@id\":\"https:\/\/chopcrypto.io\/pt-br\/sobre-nos\/#breadcrumb\"},\"inLanguage\":\"pt-BR\",\"potentialAction\":[{\"@type\":\"ReadAction\",\"target\":[\"https:\/\/chopcrypto.io\/pt-br\/sobre-nos\/\"]}]},{\"@type\":\"BreadcrumbList\",\"@id\":\"https:\/\/chopcrypto.io\/pt-br\/sobre-nos\/#breadcrumb\",\"itemListElement\":[{\"@type\":\"ListItem\",\"position\":1,\"name\":\"Home\",\"item\":\"https:\/\/chopcrypto.io\/pt-br\/\"},{\"@type\":\"ListItem\",\"position\":2,\"name\":\"Sobre n\u00f3s\"}]},{\"@type\":\"WebSite\",\"@id\":\"https:\/\/chopcrypto.io\/pt-br\/#website\",\"url\":\"https:\/\/chopcrypto.io\/pt-br\/\",\"name\":\"Chop\",\"description\":\"\",\"publisher\":{\"@id\":\"https:\/\/chopcrypto.io\/pt-br\/#organization\"},\"potentialAction\":[{\"@type\":\"SearchAction\",\"target\":{\"@type\":\"EntryPoint\",\"urlTemplate\":\"https:\/\/chopcrypto.io\/pt-br\/?s={search_term_string}\"},\"query-input\":\"required name=search_term_string\"}],\"inLanguage\":\"pt-BR\"},{\"@type\":\"Organization\",\"@id\":\"https:\/\/chopcrypto.io\/pt-br\/#organization\",\"name\":\"Chop\",\"url\":\"https:\/\/chopcrypto.io\/pt-br\/\",\"logo\":{\"@type\":\"ImageObject\",\"inLanguage\":\"pt-BR\",\"@id\":\"https:\/\/chopcrypto.io\/pt-br\/#\/schema\/logo\/image\/\",\"url\":\"https:\/\/chopcrypto.io\/wp-content\/uploads\/2023\/07\/logo.svg\",\"contentUrl\":\"https:\/\/chopcrypto.io\/wp-content\/uploads\/2023\/07\/logo.svg\",\"width\":105,\"height\":37,\"caption\":\"Chop\"},\"image\":{\"@id\":\"https:\/\/chopcrypto.io\/pt-br\/#\/schema\/logo\/image\/\"}}]}<\/script>\n<!-- \/ Yoast SEO plugin. -->","yoast_head_json":{"title":"Sobre n\u00f3s - Chop","robots":{"index":"index","follow":"follow","max-snippet":"max-snippet:-1","max-image-preview":"max-image-preview:large","max-video-preview":"max-video-preview:-1"},"canonical":"https:\/\/chopcrypto.io\/pt-br\/sobre-nos\/","og_locale":"pt_BR","og_type":"article","og_title":"Sobre n\u00f3s - Chop","og_description":"O Chop \u00e9 um servi\u00e7o de troca instant\u00e2nea de criptomoedas que oferece mais de 100 Criptomoedas para uma troca r\u00e1pida e perfeita. Temos como objetivo fornecer o acesso mais f\u00e1cil \u00e0s criptos para a comunidade com foco na Am\u00e9rica Latina. Para isso, a Chop oferece suporte ao cliente 24 horas por dia, 7 dias por [&hellip;]","og_url":"https:\/\/chopcrypto.io\/pt-br\/sobre-nos\/","og_site_name":"Chop","twitter_card":"summary_large_image","twitter_misc":{"Est. tempo de leitura":"1 minuto"},"schema":{"@context":"https:\/\/schema.org","@graph":[{"@type":"WebPage","@id":"https:\/\/chopcrypto.io\/pt-br\/sobre-nos\/","url":"https:\/\/chopcrypto.io\/pt-br\/sobre-nos\/","name":"Sobre n\u00f3s - Chop","isPartOf":{"@id":"https:\/\/chopcrypto.io\/pt-br\/#website"},"datePublished":"2023-07-16T14:26:29+00:00","dateModified":"2023-07-16T14:26:29+00:00","breadcrumb":{"@id":"https:\/\/chopcrypto.io\/pt-br\/sobre-nos\/#breadcrumb"},"inLanguage":"pt-BR","potentialAction":[{"@type":"ReadAction","target":["https:\/\/chopcrypto.io\/pt-br\/sobre-nos\/"]}]},{"@type":"BreadcrumbList","@id":"https:\/\/chopcrypto.io\/pt-br\/sobre-nos\/#breadcrumb","itemListElement":[{"@type":"ListItem","position":1,"name":"Home","item":"https:\/\/chopcrypto.io\/pt-br\/"},{"@type":"ListItem","position":2,"name":"Sobre n\u00f3s"}]},{"@type":"WebSite","@id":"https:\/\/chopcrypto.io\/pt-br\/#website","url":"https:\/\/chopcrypto.io\/pt-br\/","name":"Chop","description":"","publisher":{"@id":"https:\/\/chopcrypto.io\/pt-br\/#organization"},"potentialAction":[{"@type":"SearchAction","target":{"@type":"EntryPoint","urlTemplate":"https:\/\/chopcrypto.io\/pt-br\/?s={search_term_string}"},"query-input":"required name=search_term_string"}],"inLanguage":"pt-BR"},{"@type":"Organization","@id":"https:\/\/chopcrypto.io\/pt-br\/#organization","name":"Chop","url":"https:\/\/chopcrypto.io\/pt-br\/","logo":{"@type":"ImageObject","inLanguage":"pt-BR","@id":"https:\/\/chopcrypto.io\/pt-br\/#\/schema\/logo\/image\/","url":"https:\/\/chopcrypto.io\/wp-content\/uploads\/2023\/07\/logo.svg","contentUrl":"https:\/\/chopcrypto.io\/wp-content\/uploads\/2023\/07\/logo.svg","width":105,"height":37,"caption":"Chop"},"image":{"@id":"https:\/\/chopcrypto.io\/pt-br\/#\/schema\/logo\/image\/"}}]}},"_links":{"self":[{"href":"https:\/\/chopcrypto.io\/pt-br\/wp-json\/wp\/v2\/pages\/137","targetHints":{"allow":["GET"]}}],"collection":[{"href":"https:\/\/chopcrypto.io\/pt-br\/wp-json\/wp\/v2\/pages"}],"about":[{"href":"https:\/\/chopcrypto.io\/pt-br\/wp-json\/wp\/v2\/types\/page"}],"author":[{"embeddable":true,"href":"https:\/\/chopcrypto.io\/pt-br\/wp-json\/wp\/v2\/users\/1"}],"replies":[{"embeddable":true,"href":"https:\/\/chopcrypto.io\/pt-br\/wp-json\/wp\/v2\/comments?post=137"}],"version-history":[{"count":0,"href":"https:\/\/chopcrypto.io\/pt-br\/wp-json\/wp\/v2\/pages\/137\/revisions"}],"wp:attachment":[{"href":"https:\/\/chopcrypto.io\/pt-br\/wp-json\/wp\/v2\/media?parent=137"}],"curies":[{"name":"wp","href":"https:\/\/api.w.org\/{rel}","templated":true}]}}